{"id":1121,"date":"2022-05-23T09:46:54","date_gmt":"2022-05-23T07:46:54","guid":{"rendered":"https:\/\/motowalser.ch\/shop\/?post_type=product&#038;p=1121"},"modified":"2024-08-13T21:04:13","modified_gmt":"2024-08-13T19:04:13","slug":"vespa-sportauspuff-gts-300","status":"publish","type":"product","link":"https:\/\/motowalser.ch\/shop\/produkt\/vespa-sportauspuff-gts-300\/","title":{"rendered":"Vespa Sportauspuff GTS 300"},"content":{"rendered":"","protected":false},"excerpt":{"rendered":"<p>Sportauspuffanlage mit sportlichem Design und Hightech-Features speziell f\u00fcr die Vespa GTS 300 HPE. Hergestellt, getestet und zugelassen vom Forschungs- und Entwicklungszentrum der Piaggio-Gruppe, die Installation dieses Zubeh\u00f6rs beh\u00e4lt das Recht, Garantieanspr\u00fcche geltend zu machen. Dieser aus Carbon und Edelstahl gefertigte Sportauspuff ist leichter als der Originalauspuff. Spezielles Vespa-Mapping, vollst\u00e4ndig homologiert f\u00fcr den europ\u00e4ischen Markt bis zur Euro-5-Emissionsnorm. Exklusive Vespa-Marke.<\/p>\n","protected":false},"featured_media":1122,"template":"","meta":{"_links_to":"","_links_to_target":""},"product_cat":[53,61,64,46,44,45],"product_tag":[169,167,168,145,166],"acf":[],"_links":{"self":[{"href":"https:\/\/motowalser.ch\/shop\/wp-json\/wp\/v2\/product\/1121"}],"collection":[{"href":"https:\/\/motowalser.ch\/shop\/wp-json\/wp\/v2\/product"}],"about":[{"href":"https:\/\/motowalser.ch\/shop\/wp-json\/wp\/v2\/types\/product"}],"wp:featuredmedia":[{"embeddable":true,"href":"https:\/\/motowalser.ch\/shop\/wp-json\/wp\/v2\/media\/1122"}],"wp:attachment":[{"href":"https:\/\/motowalser.ch\/shop\/wp-json\/wp\/v2\/media?parent=1121"}],"wp:term":[{"taxonomy":"product_cat","embeddable":true,"href":"https:\/\/motowalser.ch\/shop\/wp-json\/wp\/v2\/product_cat?post=1121"},{"taxonomy":"product_tag","embeddable":true,"href":"https:\/\/motowalser.ch\/shop\/wp-json\/wp\/v2\/product_tag?post=1121"}],"curies":[{"name":"wp","href":"https:\/\/api.w.org\/{rel}","templated":true}]}}