{"id":1088,"date":"2022-06-13T11:58:09","date_gmt":"2022-06-13T09:58:09","guid":{"rendered":"https:\/\/motowalser.ch\/shop\/?post_type=product&#038;p=1088"},"modified":"2024-01-24T14:25:39","modified_gmt":"2024-01-24T13:25:39","slug":"handschuhe-atlanta","status":"publish","type":"product","link":"https:\/\/motowalser.ch\/shop\/produkt\/handschuhe-atlanta\/","title":{"rendered":"Handschuhe Atlanta"},"content":{"rendered":"","protected":false},"excerpt":{"rendered":"<p>Die leichten, urbanen Handschuhe Atlanta\u00a0GTX zeichnen sich durch hohen Tragekomfort mit Schutzfunktion aus. Dank GORE-TEX\u00a0INFINIUM\u2122 Membran sind sie dauerhaft winddicht und besonders atmungsaktiv. Hinzu kommen Sicherheitsfeatures wie eine gro\u00dffl\u00e4chige, integrierte 3D-Kn\u00f6chelschale aus schlagabsorbierendem Schaum. Ziegenleder auf der Innenhand garantiert besten Grip.<\/p>\n<ul>\n<li>Moderner, leichter Softshell-Handschuh<\/li>\n<li>Winddicht und atmungsaktiv dank GORE-TEX\u00a0INFINIUM\u2122 Membran<\/li>\n<li>Erh\u00f6hte Sicherheit durch 3D-Kn\u00f6chelschale aus schlagabsorbierendem Schaumstoff<\/li>\n<li>Ziegenleder auf der Innenhand f\u00fcr perfekten Grip<\/li>\n<li>Gro\u00dffl\u00e4chiger Velcro-Handgelenksriegel f\u00fcr sicheren Sitz<\/li>\n<\/ul>\n<p>Customer Type: Plugged\u00a0to\u00a0Life<\/p>\n","protected":false},"featured_media":1447,"template":"","meta":{"_links_to":"","_links_to_target":""},"product_cat":[41,42,27],"product_tag":[162,104,159,120],"acf":[],"_links":{"self":[{"href":"https:\/\/motowalser.ch\/shop\/wp-json\/wp\/v2\/product\/1088"}],"collection":[{"href":"https:\/\/motowalser.ch\/shop\/wp-json\/wp\/v2\/product"}],"about":[{"href":"https:\/\/motowalser.ch\/shop\/wp-json\/wp\/v2\/types\/product"}],"wp:featuredmedia":[{"embeddable":true,"href":"https:\/\/motowalser.ch\/shop\/wp-json\/wp\/v2\/media\/1447"}],"wp:attachment":[{"href":"https:\/\/motowalser.ch\/shop\/wp-json\/wp\/v2\/media?parent=1088"}],"wp:term":[{"taxonomy":"product_cat","embeddable":true,"href":"https:\/\/motowalser.ch\/shop\/wp-json\/wp\/v2\/product_cat?post=1088"},{"taxonomy":"product_tag","embeddable":true,"href":"https:\/\/motowalser.ch\/shop\/wp-json\/wp\/v2\/product_tag?post=1088"}],"curies":[{"name":"wp","href":"https:\/\/api.w.org\/{rel}","templated":true}]}}