{"id":1080,"date":"2022-06-13T12:02:04","date_gmt":"2022-06-13T10:02:04","guid":{"rendered":"https:\/\/motowalser.ch\/shop\/?post_type=product&#038;p=1080"},"modified":"2024-08-13T22:00:43","modified_gmt":"2024-08-13T20:00:43","slug":"handschuhe-furka","status":"publish","type":"product","link":"https:\/\/motowalser.ch\/shop\/produkt\/handschuhe-furka\/","title":{"rendered":"Handschuhe Furka"},"content":{"rendered":"","protected":false},"excerpt":{"rendered":"<p>Die wind- und wasserdichten Handschuhe Furka\u00a0GTX mit GORE-TEX\u00ae Membran eignen sich dank leichter Isolierung hervorragend f\u00fcr \u00dcbergangstemperaturen. F\u00fcr hohe Sicherheit sorgen ein gro\u00dffl\u00e4chiger, integrierter 3D-Kn\u00f6chelprotektor aus schlagabsorbierendem Schaum und schlagabsorbierende Schutzelemente auf den Fingern.<\/p>\n<ul>\n<li>Hervorragend isolierte Lederhandschuhe, ideal f\u00fcr \u00dcbergangstemperaturen<\/li>\n<li>Wind- und wasserdicht dank GORE-TEX\u00ae Membran<\/li>\n<li>Gro\u00dffl\u00e4chiger, integrierter 3D-Kn\u00f6chelprotektor aus schlagabsorbierendem Schaum<\/li>\n<li>Schlagabsorbierende Schutzelemente auf den Fingern<\/li>\n<li>Wischlippe am linken Zeigefinger<\/li>\n<li>Fingerkuppen der Zeigefinger touchscreentauglich<\/li>\n<li>Besonders lange und isolierte Stulpe<\/li>\n<li>komplette Innenhand aus Ziegenleder garantiert besten Grip<\/li>\n<li>Klettverschluss-Handgelenksriegel f\u00fcr abstreifsicheren Sitz<\/li>\n<li>Gro\u00dfer Klettverschlussriegel an der Stulpe f\u00fcr engen Sitz und W\u00e4rmeisolation<\/li>\n<li>Customer Type: Ride\u00a0and\u00a0Share<\/li>\n<\/ul>\n","protected":false},"featured_media":1448,"template":"","meta":{"_links_to":"","_links_to_target":""},"product_cat":[41,42,27],"product_tag":[104,98,159,120],"acf":[],"_links":{"self":[{"href":"https:\/\/motowalser.ch\/shop\/wp-json\/wp\/v2\/product\/1080"}],"collection":[{"href":"https:\/\/motowalser.ch\/shop\/wp-json\/wp\/v2\/product"}],"about":[{"href":"https:\/\/motowalser.ch\/shop\/wp-json\/wp\/v2\/types\/product"}],"wp:featuredmedia":[{"embeddable":true,"href":"https:\/\/motowalser.ch\/shop\/wp-json\/wp\/v2\/media\/1448"}],"wp:attachment":[{"href":"https:\/\/motowalser.ch\/shop\/wp-json\/wp\/v2\/media?parent=1080"}],"wp:term":[{"taxonomy":"product_cat","embeddable":true,"href":"https:\/\/motowalser.ch\/shop\/wp-json\/wp\/v2\/product_cat?post=1080"},{"taxonomy":"product_tag","embeddable":true,"href":"https:\/\/motowalser.ch\/shop\/wp-json\/wp\/v2\/product_tag?post=1080"}],"curies":[{"name":"wp","href":"https:\/\/api.w.org\/{rel}","templated":true}]}}