{"id":1072,"date":"2024-01-24T14:33:07","date_gmt":"2024-01-24T13:33:07","guid":{"rendered":"https:\/\/motowalser.ch\/shop\/?post_type=product&#038;p=1072"},"modified":"2024-08-13T22:00:43","modified_gmt":"2024-08-13T20:00:43","slug":"handschuhe-pro-race","status":"publish","type":"product","link":"https:\/\/motowalser.ch\/shop\/produkt\/handschuhe-pro-race\/","title":{"rendered":"Handschuhe Pro Race"},"content":{"rendered":"","protected":false},"excerpt":{"rendered":"<p>Die Handschuhe Pro\u00a0Race sind ideal f\u00fcr sportliche Biker, die gro\u00dfen Wert auf extreme Beweglichkeit, ausgepr\u00e4gte Sicherheit und ein direktes Griffgef\u00fchl legen. Die perforierte Oberfl\u00e4che sorgt f\u00fcr eine angenehme Bel\u00fcftung, Ober- wie Innenhand bestehen aus hochwertigem Ziegenleder. Eine 3D-Kn\u00f6chelschale aus Hartplastik erh\u00f6ht die Sicherheit.<\/p>\n<ul>\n<li>Sommerlicher Sporthandschuh<\/li>\n<li>Lederhandschuh mit elastischen Stretchzonen<\/li>\n<li>Innenhand aus Ziegenleder f\u00fcr perfekten Griff ohne Falte<\/li>\n<li>Durch Perforation angenehm luftig<\/li>\n<li>Gro\u00dffl\u00e4chige, unterf\u00fctterte 3D-Kn\u00f6chelschale aus Hartplastik<\/li>\n<li>Wischlippe am linken Zeigefinger<\/li>\n<li>Klettverschluss-Handgelenksriegel f\u00fcr abstreifsicheren Sitz<\/li>\n<li>Gro\u00dfer Klettverschlussriegel an der Stulpe f\u00fcr engen Sitz<\/li>\n<li>Material: 100\u00a0% Leder<\/li>\n<li>Customer Type: Never\u00a0Stop\u00a0Challenging<\/li>\n<\/ul>\n","protected":false},"featured_media":1107,"template":"","meta":{"_links_to":"","_links_to_target":""},"product_cat":[108,41,42,27],"product_tag":[104,159,120,139,127],"acf":[],"_links":{"self":[{"href":"https:\/\/motowalser.ch\/shop\/wp-json\/wp\/v2\/product\/1072"}],"collection":[{"href":"https:\/\/motowalser.ch\/shop\/wp-json\/wp\/v2\/product"}],"about":[{"href":"https:\/\/motowalser.ch\/shop\/wp-json\/wp\/v2\/types\/product"}],"wp:featuredmedia":[{"embeddable":true,"href":"https:\/\/motowalser.ch\/shop\/wp-json\/wp\/v2\/media\/1107"}],"wp:attachment":[{"href":"https:\/\/motowalser.ch\/shop\/wp-json\/wp\/v2\/media?parent=1072"}],"wp:term":[{"taxonomy":"product_cat","embeddable":true,"href":"https:\/\/motowalser.ch\/shop\/wp-json\/wp\/v2\/product_cat?post=1072"},{"taxonomy":"product_tag","embeddable":true,"href":"https:\/\/motowalser.ch\/shop\/wp-json\/wp\/v2\/product_tag?post=1072"}],"curies":[{"name":"wp","href":"https:\/\/api.w.org\/{rel}","templated":true}]}}