{"id":1025,"date":"2022-05-10T13:55:59","date_gmt":"2022-05-10T11:55:59","guid":{"rendered":"https:\/\/motowalser.ch\/shop\/?post_type=product&#038;p=1025"},"modified":"2024-08-13T22:00:46","modified_gmt":"2024-08-13T20:00:46","slug":"jacke-rainlock-neon","status":"publish","type":"product","link":"https:\/\/motowalser.ch\/shop\/produkt\/jacke-rainlock-neon\/","title":{"rendered":"Jacke Rainlock Neon"},"content":{"rendered":"","protected":false},"excerpt":{"rendered":"<p>Ein echter Motorradfan kennt keine Jahreszeiten: Ein zu kalt, zu nass oder zu warm existiert f\u00fcr ihn oder sie einfach nicht. Damit die Fahrfreude selbst bei extremen Bedingungen kein Ende findet, bietet BMW\u00a0Motorrad von Kopf bis Fu\u00df ein breites Sortiment an Funktionsbekleidung und sicherheitsrelevanten Accessoires<\/p>\n<p>Die leichte Jacke RainLock h\u00e4lt nicht nur Wind und Wetter stand, sondern erh\u00f6ht auch die Sichtbarkeit im Stra\u00dfenverkehr.<\/p>\n<ul>\n<li>Leichte Regenjacke mit versiegelten N\u00e4hten<\/li>\n<li>Reflexdrucke f\u00fcr optimale Sichtbarkeit<\/li>\n<li>Abnehmbare Kapuze<\/li>\n<li>Elastische Manschetten mit Rei\u00dfverschluss und Klettband<\/li>\n<li>Frontrei\u00dfverschluss in wasserabweisendem Kanal eingefasst<\/li>\n<li>Zwei Fronttaschen<\/li>\n<li>Zwei wasserdichte Innentaschen<\/li>\n<li>Auf verschiedene Anz\u00fcge anpassbar<\/li>\n<li>Material: 100\u00a0% Polyester, PU-Beschichtung<\/li>\n<li>Farbe: Grau oder Neon<\/li>\n<\/ul>\n<p>Gr\u00f6\u00dfe: XS\u20133XL<\/p>\n","protected":false},"featured_media":1109,"template":"","meta":{"_links_to":"","_links_to_target":""},"product_cat":[41,42,29],"product_tag":[104,158,76,120,149,156,157],"acf":[],"_links":{"self":[{"href":"https:\/\/motowalser.ch\/shop\/wp-json\/wp\/v2\/product\/1025"}],"collection":[{"href":"https:\/\/motowalser.ch\/shop\/wp-json\/wp\/v2\/product"}],"about":[{"href":"https:\/\/motowalser.ch\/shop\/wp-json\/wp\/v2\/types\/product"}],"wp:featuredmedia":[{"embeddable":true,"href":"https:\/\/motowalser.ch\/shop\/wp-json\/wp\/v2\/media\/1109"}],"wp:attachment":[{"href":"https:\/\/motowalser.ch\/shop\/wp-json\/wp\/v2\/media?parent=1025"}],"wp:term":[{"taxonomy":"product_cat","embeddable":true,"href":"https:\/\/motowalser.ch\/shop\/wp-json\/wp\/v2\/product_cat?post=1025"},{"taxonomy":"product_tag","embeddable":true,"href":"https:\/\/motowalser.ch\/shop\/wp-json\/wp\/v2\/product_tag?post=1025"}],"curies":[{"name":"wp","href":"https:\/\/api.w.org\/{rel}","templated":true}]}}