{"id":1008,"date":"2022-04-30T12:48:55","date_gmt":"2022-04-30T10:48:55","guid":{"rendered":"https:\/\/motowalser.ch\/shop\/?post_type=product&#038;p=1008"},"modified":"2024-08-13T21:14:29","modified_gmt":"2024-08-13T19:14:29","slug":"jacke-pacedry-tour-herren","status":"publish","type":"product","link":"https:\/\/motowalser.ch\/shop\/produkt\/jacke-pacedry-tour-herren\/","title":{"rendered":"Jacke Pacedry Tour Herren"},"content":{"rendered":"","protected":false},"excerpt":{"rendered":"<p>Die Jacke PaceDry\u00a0Tour bzw. PaceDry\u00a0Adventure zeichnet sich durch ihren hohen Tragekomfort aus. Das Obermaterial ist aus CORDURA 500D. Durch die Z-Liner-Konstruktion ist sie wasserdicht und atmungsaktiv. Zus\u00e4tzlich sorgen innovative Bel\u00fcftungsrei\u00dfverschl\u00fcsse f\u00fcr mehr Luftzirkulation. Elastische Eins\u00e4tze erlauben mehr Beweglichkeit und verbessern die Passform.<\/p>\n<ul>\n<li>Wasserdichte, tourentaugliche Motorrad- bzw. Endurojacke<\/li>\n<li>Obermaterial: hochfeste Mischung aus CORDURA 500D und Polyamid<\/li>\n<li>Z-Liner-Konstruktion mit BMW Climate Membrane (wind- und wasserdicht, hochgradig atmungsaktiv)<\/li>\n<li>Verst\u00e4rkung der sturzgef\u00e4hrdeten Stellen durch gerasterte PU-Beschichtung mit Partikeln aus Keramik<\/li>\n<li>Herausnehmbare NP3-Protektoren an Schultern und Ellbogen<\/li>\n<li>Inklusive NP-Pro-R\u00fcckenprotektor lang<\/li>\n<li>Wasserdicht verklebte Rei\u00dfverschl\u00fcsse zur Bel\u00fcftung an Brust und R\u00fccken, \u00f6ffnen auch Membran<\/li>\n<li>Stretcheins\u00e4tze an den Armen<\/li>\n<li>3D-Abstandsgewirke am R\u00fccken f\u00fcr optimale Luftzirkulation<\/li>\n<li>Weitenregulierung durch Klettriegel an \u00c4rmeln, Taillen- und Bundweite<\/li>\n<li>Jeweils eine Tasche an Brust und \u00c4rmeln sowie zwei Taschen am R\u00fccken<\/li>\n<li>Reflexdruck auf \u00c4rmeln und Kragen<\/li>\n<li>Jacke PaceDry\u00a0Tour: zwei wasserdichte Eingrifftaschen<\/li>\n<\/ul>\n<p>Jacke PaceDry\u00a0Adventure: zwei aufgesetzte wasserdichte Pattentaschen<\/p>\n","protected":false},"featured_media":1023,"template":"","meta":{"_links_to":"","_links_to_target":""},"product_cat":[108,41,42,23,29],"product_tag":[155,118,76,154],"acf":[],"_links":{"self":[{"href":"https:\/\/motowalser.ch\/shop\/wp-json\/wp\/v2\/product\/1008"}],"collection":[{"href":"https:\/\/motowalser.ch\/shop\/wp-json\/wp\/v2\/product"}],"about":[{"href":"https:\/\/motowalser.ch\/shop\/wp-json\/wp\/v2\/types\/product"}],"wp:featuredmedia":[{"embeddable":true,"href":"https:\/\/motowalser.ch\/shop\/wp-json\/wp\/v2\/media\/1023"}],"wp:attachment":[{"href":"https:\/\/motowalser.ch\/shop\/wp-json\/wp\/v2\/media?parent=1008"}],"wp:term":[{"taxonomy":"product_cat","embeddable":true,"href":"https:\/\/motowalser.ch\/shop\/wp-json\/wp\/v2\/product_cat?post=1008"},{"taxonomy":"product_tag","embeddable":true,"href":"https:\/\/motowalser.ch\/shop\/wp-json\/wp\/v2\/product_tag?post=1008"}],"curies":[{"name":"wp","href":"https:\/\/api.w.org\/{rel}","templated":true}]}}