{"id":95,"date":"2022-01-27T14:53:46","date_gmt":"2022-01-27T13:53:46","guid":{"rendered":"https:\/\/motowalser.ch\/shop\/?page_id=95"},"modified":"2022-10-20T14:57:16","modified_gmt":"2022-10-20T12:57:16","slug":"kontakt","status":"publish","type":"page","link":"https:\/\/motowalser.ch\/shop\/kontakt\/","title":{"rendered":"Kontakt"},"content":{"rendered":"\n<p class=\"is-style-overline\">Moto Walser &#8211; Sympathisch &amp; kompetent<\/p>\n\n\n\n<h1 id=\"ihre-kundenberater\">Ihre Kundenberater<\/h1>\n\n\n\n<p>Als Kunde stehst du bei uns im Mittelpunkt. Denn deine Leidenschaft ist auch unsere Leidenschaft. Von uns darfst du mehr erwarten als hervorragende Bikes, kompetente Beratung und perfekten Kundendienst. Bei uns triffst du Leute, die deine W\u00fcnsche verstehen und dich individuell betreuen. Wir finden f\u00fcr jede Frage eine Antwort und geben alles um dir wirklich jeden Wunsch zu erf\u00fcllen.<\/p>\n\n\n\n<div class=\"wp-block-pb-accordion-item c-accordion__item js-accordion-item no-js\" data-initially-open=\"false\" data-click-to-close=\"true\" data-auto-close=\"true\" data-scroll=\"false\" data-scroll-offset=\"0\"><h2 id=\"at-950\" class=\"c-accordion__title js-accordion-controller\" role=\"button\">Bekleidung<\/h2><div id=\"ac-950\" class=\"c-accordion__content\"><div id=\"theme-block-cards-block_db28b354491d3ee562e743156cbadafb\" class=\"theme-block-cards theme-person-cards has-text-align-left columns-3 has-3-columns theme-block-blocks-list\">\n<div id=\"theme-block-card-block_5b90156581c6b0074ab2bad7a9b55431\" class=\"theme-block-card\"><div class=\"theme-block-card__inner-container\">\n\n<figure class=\"wp-block-image size-full is-style-circle\"><img loading=\"lazy\" width=\"400\" height=\"450\" src=\"https:\/\/motowalser.ch\/shop\/wp-content\/uploads\/2022\/03\/400x450_Sonja.jpg\" alt=\"\" class=\"wp-image-440\" srcset=\"https:\/\/motowalser.ch\/shop\/wp-content\/uploads\/2022\/03\/400x450_Sonja.jpg 400w, https:\/\/motowalser.ch\/shop\/wp-content\/uploads\/2022\/03\/400x450_Sonja-267x300.jpg 267w, https:\/\/motowalser.ch\/shop\/wp-content\/uploads\/2022\/03\/400x450_Sonja-21x24.jpg 21w, https:\/\/motowalser.ch\/shop\/wp-content\/uploads\/2022\/03\/400x450_Sonja-32x36.jpg 32w, https:\/\/motowalser.ch\/shop\/wp-content\/uploads\/2022\/03\/400x450_Sonja-43x48.jpg 43w\" sizes=\"(max-width: 400px) 100vw, 400px\" \/><\/figure>\n\n\n\n<h3 class=\"is-style-decorated\" id=\"sonja-fontanive\">Sonja Fontanive<\/h3>\n\n\n\n<p>VERKAUF BEKLEIDUNG<\/p>\n\n\n\n<p><span class=\"icon\"><svg viewbox=\"0 0 20 20\" width=\"20\" height=\"20\"><use xlink:href=\"https:\/\/motowalser.ch\/shop\/wp-content\/themes\/motowalser\/img\/icon-sprite.svg?ver=0.0.1-dev-c#icon-phone\" \/><\/svg><\/span> 071 244 99 44<br><span class=\"icon\"><svg viewbox=\"0 0 20 20\" width=\"20\" height=\"20\"><use xlink:href=\"https:\/\/motowalser.ch\/shop\/wp-content\/themes\/motowalser\/img\/icon-sprite.svg?ver=0.0.1-dev-c#icon-mail\" \/><\/svg><\/span> <a href=\"mailto:be&#107;&#108;e&#105;dun&#103;&#064;m&#111;&#116;&#111;&#119;a&#108;&#115;e&#114;&#046;&#099;h\">be&#107;&#108;e&#105;dun&#103;&#64;m&#111;&#116;&#111;&#119;a&#108;&#115;e&#114;&#46;&#99;h<\/a><\/p>\n\n<\/div><\/div>\n<\/div><\/div><\/div>\n\n\n\n<div class=\"wp-block-pb-accordion-item c-accordion__item js-accordion-item no-js\" data-initially-open=\"false\" data-click-to-close=\"true\" data-auto-close=\"true\" data-scroll=\"false\" data-scroll-offset=\"0\"><h2 id=\"at-951\" class=\"c-accordion__title js-accordion-controller\" role=\"button\">Zubeh\u00f6r &amp; Verkauf<\/h2><div id=\"ac-951\" class=\"c-accordion__content\"><div id=\"theme-block-cards-block_db28b354491d3ee562e743156cbadafb\" class=\"theme-block-cards theme-person-cards has-text-align-left columns-3 has-3-columns theme-block-blocks-list\">\n<div id=\"theme-block-card-block_5b90156581c6b0074ab2bad7a9b55431\" class=\"theme-block-card\"><div class=\"theme-block-card__inner-container\">\n\n<figure class=\"wp-block-image size-full is-style-circle\"><img loading=\"lazy\" width=\"400\" height=\"450\" src=\"https:\/\/motowalser.ch\/shop\/wp-content\/uploads\/2022\/03\/400x450_Tilli.jpg\" alt=\"\" class=\"wp-image-439\" srcset=\"https:\/\/motowalser.ch\/shop\/wp-content\/uploads\/2022\/03\/400x450_Tilli.jpg 400w, https:\/\/motowalser.ch\/shop\/wp-content\/uploads\/2022\/03\/400x450_Tilli-267x300.jpg 267w, https:\/\/motowalser.ch\/shop\/wp-content\/uploads\/2022\/03\/400x450_Tilli-21x24.jpg 21w, https:\/\/motowalser.ch\/shop\/wp-content\/uploads\/2022\/03\/400x450_Tilli-32x36.jpg 32w, https:\/\/motowalser.ch\/shop\/wp-content\/uploads\/2022\/03\/400x450_Tilli-43x48.jpg 43w\" sizes=\"(max-width: 400px) 100vw, 400px\" \/><\/figure>\n\n\n\n<h3 class=\"is-style-decorated\" id=\"stefania-hauser\">Thilaksan Peranandaruban<\/h3>\n\n\n\n<p>VERKAUF ZUBEH\u00d6R<\/p>\n\n\n\n<p><span class=\"icon\"><svg viewbox=\"0 0 20 20\" width=\"20\" height=\"20\"><use xlink:href=\"https:\/\/motowalser.ch\/shop\/wp-content\/themes\/motowalser\/img\/icon-sprite.svg?ver=0.0.1-dev-c#icon-phone\" \/><\/svg><\/span> 071 244 99 44<br><span class=\"icon\"><svg viewbox=\"0 0 20 20\" width=\"20\" height=\"20\"><use xlink:href=\"https:\/\/motowalser.ch\/shop\/wp-content\/themes\/motowalser\/img\/icon-sprite.svg?ver=0.0.1-dev-c#icon-mail\" \/><\/svg><\/span> <a href=\"mailto:et&#108;&#064;m&#111;tow&#097;&#108;&#115;&#101;r&#046;c&#104;\">et&#108;&#64;m&#111;tow&#97;&#108;&#115;&#101;r&#46;c&#104;<\/a><\/p>\n\n<\/div><\/div>\n<\/div><\/div><\/div>\n\n\n\n<div class=\"wp-container-3 wp-block-columns theme-weight-thin\">\n<div class=\"wp-container-1 wp-block-column\">\n<h2 id=\"kontakt\">Kontakt<\/h2>\n\n\n\n<p>Moto Walser AG<br>Rorschacherstrasse 227<br>9016 St. Gallen<\/p>\n\n\n\n<p>071 244 99 44<br><a href=\"mailto:inf&#111;&#064;m&#111;to&#119;&#097;&#108;s&#101;r.ch\">inf&#111;&#64;m&#111;to&#119;&#97;&#108;s&#101;r.ch<\/a><\/p>\n<\/div>\n\n\n\n<div class=\"wp-container-2 wp-block-column\">\n<h2 id=\"offnungszeiten\">\u00d6ffnungszeiten<\/h2>\n\n\n\n<p><strong>Sommerzeit <\/strong>M\u00e4rz &#8211; September<\/p>\n\n\n\n<figure class=\"wp-block-table theme-opening-hours\"><table><tbody><tr><td><strong>Di &#8211; Fr&nbsp;<\/strong><\/td><td>08.00 &#8211; 12.00<\/td><\/tr><tr><td><\/td><td>13.00 &#8211; 18.00<\/td><\/tr><tr><td><strong>Sa<\/strong><\/td><td>09.00 &#8211; 12.00<\/td><\/tr><\/tbody><\/table><figcaption>Oktober &#8211; Februar: Samstag 9.00 &#8211; 12.00<\/figcaption><\/figure>\n<\/div>\n<\/div>\n\n\n\r\n            \r\n            \r\n            \r\n            <a name='map1'><\/a>\r\n            \r\n            \r\n            \r\n            \r\n            <div class=\"wpgmza_map alignfull\"  id=\"wpgmza_map_1\" style=\"display:block; overflow:auto; width:100%; height:400px; float:left;\" data-settings='{\"id\":\"1\",\"map_title\":\"New Map\",\"map_width\":\"100\",\"map_height\":\"400\",\"map_start_lat\":\"47.4355869\",\"map_start_lng\":\"9.4028007\",\"map_start_location\":\"45.950464398418106,-109.81550500000003\",\"map_start_zoom\":\"14\",\"default_marker\":\"{\\\"url\\\":\\\"\\\/\\\/motowalser.ch\\\/shop\\\/wp-content\\\/uploads\\\/2022\\\/02\\\/icon-location.svg\\\",\\\"retina\\\":true}\",\"type\":\"1\",\"alignment\":\"4\",\"directions_enabled\":\"0\",\"styling_enabled\":\"0\",\"styling_json\":\"\",\"active\":\"0\",\"kml\":\"\",\"bicycle\":\"0\",\"traffic\":\"0\",\"dbox\":\"1\",\"dbox_width\":\"\",\"listmarkers\":\"0\",\"listmarkers_advanced\":\"0\",\"filterbycat\":\"0\",\"ugm_enabled\":\"0\",\"ugm_category_enabled\":\"0\",\"fusion\":\"\",\"map_width_type\":\"%\",\"map_height_type\":\"px\",\"mass_marker_support\":\"0\",\"ugm_access\":\"0\",\"order_markers_by\":\"1\",\"order_markers_choice\":\"1\",\"show_user_location\":\"0\",\"default_to\":\"\",\"other_settings\":{\"map_type\":1,\"sl_stroke_color\":\"#000000\",\"sl_fill_color\":\"#000000\",\"sl_stroke_opacity\":\"\",\"sl_fill_opacity\":\"\",\"transport_layer\":false,\"action\":\"wpgmza_save_map\",\"redirect_to\":\"\\\/wp-admin\\\/admin-post.php\",\"map_id\":\"1\",\"http_referer\":\"\\\/wp-admin\\\/admin.php?page=wp-google-maps-menu&amp;amp;action=edit&amp;amp;map_id=1\",\"wpgmza_id\":\"1\",\"wpgmza_start_location\":\"47.4355869,9.4028007\",\"wpgmza_start_zoom\":\"14\",\"wpgmza_theme_data\":\"[\\r\\n    {\\r\\n        \\\"featureType\\\": \\\"all\\\",\\r\\n        \\\"elementType\\\": \\\"geometry.fill\\\",\\r\\n        \\\"stylers\\\": [\\r\\n            {\\r\\n                \\\"weight\\\": \\\"2.00\\\"\\r\\n            }\\r\\n        ]\\r\\n    },\\r\\n    {\\r\\n        \\\"featureType\\\": \\\"all\\\",\\r\\n        \\\"elementType\\\": \\\"geometry.stroke\\\",\\r\\n        \\\"stylers\\\": [\\r\\n            {\\r\\n                \\\"color\\\": \\\"#9c9c9c\\\"\\r\\n            }\\r\\n        ]\\r\\n    },\\r\\n    {\\r\\n        \\\"featureType\\\": \\\"all\\\",\\r\\n        \\\"elementType\\\": \\\"labels.text\\\",\\r\\n        \\\"stylers\\\": [\\r\\n            {\\r\\n                \\\"visibility\\\": \\\"on\\\"\\r\\n            }\\r\\n        ]\\r\\n    },\\r\\n    {\\r\\n        \\\"featureType\\\": \\\"landscape\\\",\\r\\n        \\\"elementType\\\": \\\"all\\\",\\r\\n        \\\"stylers\\\": [\\r\\n            {\\r\\n                \\\"color\\\": \\\"#f2f2f2\\\"\\r\\n            }\\r\\n        ]\\r\\n    },\\r\\n    {\\r\\n        \\\"featureType\\\": \\\"landscape\\\",\\r\\n        \\\"elementType\\\": \\\"geometry.fill\\\",\\r\\n        \\\"stylers\\\": [\\r\\n            {\\r\\n                \\\"color\\\": \\\"#ffffff\\\"\\r\\n            }\\r\\n        ]\\r\\n    },\\r\\n    {\\r\\n        \\\"featureType\\\": \\\"landscape.man_made\\\",\\r\\n        \\\"elementType\\\": \\\"geometry.fill\\\",\\r\\n        \\\"stylers\\\": [\\r\\n            {\\r\\n                \\\"color\\\": \\\"#ffffff\\\"\\r\\n            }\\r\\n        ]\\r\\n    },\\r\\n    {\\r\\n        \\\"featureType\\\": \\\"poi\\\",\\r\\n        \\\"elementType\\\": \\\"all\\\",\\r\\n        \\\"stylers\\\": [\\r\\n            {\\r\\n                \\\"visibility\\\": \\\"off\\\"\\r\\n            }\\r\\n        ]\\r\\n    },\\r\\n    {\\r\\n        \\\"featureType\\\": \\\"road\\\",\\r\\n        \\\"elementType\\\": \\\"all\\\",\\r\\n        \\\"stylers\\\": [\\r\\n            {\\r\\n                \\\"saturation\\\": -100\\r\\n            },\\r\\n            {\\r\\n                \\\"lightness\\\": 45\\r\\n            }\\r\\n        ]\\r\\n    },\\r\\n    {\\r\\n        \\\"featureType\\\": \\\"road\\\",\\r\\n        \\\"elementType\\\": \\\"geometry.fill\\\",\\r\\n        \\\"stylers\\\": [\\r\\n            {\\r\\n                \\\"color\\\": \\\"#eeeeee\\\"\\r\\n            }\\r\\n        ]\\r\\n    },\\r\\n    {\\r\\n        \\\"featureType\\\": \\\"road\\\",\\r\\n        \\\"elementType\\\": \\\"labels.text.fill\\\",\\r\\n        \\\"stylers\\\": [\\r\\n            {\\r\\n                \\\"color\\\": \\\"#7b7b7b\\\"\\r\\n            }\\r\\n        ]\\r\\n    },\\r\\n    {\\r\\n        \\\"featureType\\\": \\\"road\\\",\\r\\n        \\\"elementType\\\": \\\"labels.text.stroke\\\",\\r\\n        \\\"stylers\\\": [\\r\\n            {\\r\\n                \\\"color\\\": \\\"#ffffff\\\"\\r\\n            }\\r\\n        ]\\r\\n    },\\r\\n    {\\r\\n        \\\"featureType\\\": \\\"road.highway\\\",\\r\\n        \\\"elementType\\\": \\\"all\\\",\\r\\n        \\\"stylers\\\": [\\r\\n            {\\r\\n                \\\"visibility\\\": \\\"simplified\\\"\\r\\n            }\\r\\n        ]\\r\\n    },\\r\\n    {\\r\\n        \\\"featureType\\\": \\\"road.arterial\\\",\\r\\n        \\\"elementType\\\": \\\"labels.icon\\\",\\r\\n        \\\"stylers\\\": [\\r\\n            {\\r\\n                \\\"visibility\\\": \\\"off\\\"\\r\\n            }\\r\\n        ]\\r\\n    },\\r\\n    {\\r\\n        \\\"featureType\\\": \\\"transit\\\",\\r\\n        \\\"elementType\\\": \\\"all\\\",\\r\\n        \\\"stylers\\\": [\\r\\n            {\\r\\n                \\\"visibility\\\": \\\"off\\\"\\r\\n            }\\r\\n        ]\\r\\n    },\\r\\n    {\\r\\n        \\\"featureType\\\": \\\"water\\\",\\r\\n        \\\"elementType\\\": \\\"all\\\",\\r\\n        \\\"stylers\\\": [\\r\\n            {\\r\\n                \\\"color\\\": \\\"#46bcec\\\"\\r\\n            },\\r\\n            {\\r\\n                \\\"visibility\\\": \\\"on\\\"\\r\\n            }\\r\\n        ]\\r\\n    },\\r\\n    {\\r\\n        \\\"featureType\\\": \\\"water\\\",\\r\\n        \\\"elementType\\\": \\\"geometry.fill\\\",\\r\\n        \\\"stylers\\\": [\\r\\n            {\\r\\n                \\\"color\\\": \\\"#c8d7d4\\\"\\r\\n            }\\r\\n        ]\\r\\n    },\\r\\n    {\\r\\n        \\\"featureType\\\": \\\"water\\\",\\r\\n        \\\"elementType\\\": \\\"labels.text.fill\\\",\\r\\n        \\\"stylers\\\": [\\r\\n            {\\r\\n                \\\"color\\\": \\\"#070707\\\"\\r\\n            }\\r\\n        ]\\r\\n    },\\r\\n    {\\r\\n        \\\"featureType\\\": \\\"water\\\",\\r\\n        \\\"elementType\\\": \\\"labels.text.stroke\\\",\\r\\n        \\\"stylers\\\": [\\r\\n            {\\r\\n                \\\"color\\\": \\\"#ffffff\\\"\\r\\n            }\\r\\n        ]\\r\\n    }\\r\\n]\",\"store_locator_enabled\":false,\"store_locator_search_area\":\"radial\",\"wpgmza_store_locator_radius_style\":\"legacy\",\"wpgmza_store_locator_default_radius\":\"10\",\"store_locator_auto_area_max_zoom\":\"\",\"store_locator_distance\":false,\"wpgmza_store_locator_position\":false,\"store_locator_show_distance\":false,\"store_locator_category\":false,\"wpgmza_store_locator_use_their_location\":false,\"wpgmza_store_locator_bounce\":false,\"wpgmza_sl_animation\":\"0\",\"wpgmza_store_locator_hide_before_search\":false,\"store_locator_query_string\":\"\",\"store_locator_default_address\":\"\",\"store_locator_name_search\":false,\"store_locator_name_string\":\"\",\"store_locator_not_found_message\":\"\",\"wpgmza_map_align\":\"1\",\"jump_to_nearest_marker_on_initialization\":false,\"automatically_pan_to_users_location\":false,\"override_users_location_zoom_level\":false,\"override_users_location_zoom_levels\":\"\",\"show_distance_from_location\":false,\"map_max_zoom\":\"21\",\"map_min_zoom\":\"0\",\"click_open_link\":false,\"fit_maps_bounds_to_markers\":false,\"fit_maps_bounds_to_markers_after_filtering\":false,\"hide_point_of_interest\":false,\"wpgmza_zoom_on_marker_click\":false,\"wpgmza_zoom_on_marker_click_slider\":\"\",\"close_infowindow_on_map_click\":false,\"disable_lightbox_images\":false,\"use_Raw_Jpeg_Coordinates\":false,\"polygon_labels\":false,\"disable_polygon_info_windows\":false,\"enable_marker_ratings\":false,\"only_load_markers_within_viewport\":false,\"iw_primary_color\":\"#000000\",\"iw_accent_color\":\"#000000\",\"iw_text_color\":\"#000000\",\"wpgmza_listmarkers_by\":\"0\",\"wpgmza_marker_listing_position\":false,\"wpgmza_push_in_map\":false,\"wpgmza_push_in_map_placement\":\"1\",\"wpgmza_push_in_map_width\":\"\",\"wpgmza_push_in_map_height\":\"\",\"zoom_level_on_marker_listing_override\":false,\"zoom_level_on_marker_listing_click\":\"\",\"datatable_no_result_message\":\"\",\"remove_search_box_datables\":false,\"dataTable_pagination_style\":\"default\",\"datatable_search_string\":\"\",\"datatable_result_start\":\"\",\"datatable_result_of\":\"\",\"datatable_result_to\":\"\",\"datatable_result_total\":\"\",\"datatable_result_show\":\"\",\"datatable_result_entries\":\"\",\"wpgmza_savemap\":\"Save Map \\u00bb\",\"shortcodeAttributes\":{\"id\":\"1\",\"classname\":\"alignfull\"},\"wpgmza_dbox_width_type\":\"%\",\"default_from\":\"\",\"directions_behaviour\":\"default\",\"force_google_directions_app\":false,\"directions_route_origin_icon\":\"https:\\\/\\\/motowalser.ch\\\/shop\\\/wp-content\\\/plugins\\\/wp-google-maps\\\/images\\\/spotlight-poi2.png\",\"directions_origin_retina\":false,\"directions_route_destination_icon\":\"https:\\\/\\\/motowalser.ch\\\/shop\\\/wp-content\\\/plugins\\\/wp-google-maps\\\/images\\\/spotlight-poi2.png\",\"directions_destination_retina\":false,\"directions_route_stroke_color\":\"#4f8df5\",\"directions_route_stroke_weight\":\"4\",\"directions_route_stroke_opacity\":\"0.8\",\"directions_fit_bounds_to_route\":false,\"wpgmza_store_locator_restrict\":\"\",\"upload_default_sl_marker\":\"\",\"upload_default_sl_marker_retina\":false,\"retina\":false,\"upload_default_ul_marker\":\"\",\"upload_default_ul_marker_retina\":false,\"enable_advanced_custom_fields_integration\":false,\"enable_toolset_woocommerce_integration\":false}}' data-map-id='1' data-shortcode-attributes='{\"id\":\"1\",\"classname\":\"alignfull\"}'> <\/div>\r\n            \r\n               \r\n        ","protected":false},"excerpt":{"rendered":"<p>Moto Walser &#8211; Sympathisch &amp; kompetent Ihre Kundenberater Als Kunde stehst du bei uns im Mittelpunkt. Denn deine Leidenschaft ist auch unsere Leidenschaft. Von uns darfst du mehr erwarten als hervorragende Bikes, kompetente Beratung und perfekten Kundendienst. Bei uns triffst du Leute, die deine W\u00fcnsche verstehen und dich individuell betreuen. Wir finden f\u00fcr jede Frage [&hellip;]<\/p>\n","protected":false},"author":1,"featured_media":0,"parent":0,"menu_order":0,"comment_status":"closed","ping_status":"closed","template":"","meta":{"_links_to":"","_links_to_target":""},"acf":[],"_links":{"self":[{"href":"https:\/\/motowalser.ch\/shop\/wp-json\/wp\/v2\/pages\/95"}],"collection":[{"href":"https:\/\/motowalser.ch\/shop\/wp-json\/wp\/v2\/pages"}],"about":[{"href":"https:\/\/motowalser.ch\/shop\/wp-json\/wp\/v2\/types\/page"}],"author":[{"embeddable":true,"href":"https:\/\/motowalser.ch\/shop\/wp-json\/wp\/v2\/users\/1"}],"replies":[{"embeddable":true,"href":"https:\/\/motowalser.ch\/shop\/wp-json\/wp\/v2\/comments?post=95"}],"version-history":[{"count":45,"href":"https:\/\/motowalser.ch\/shop\/wp-json\/wp\/v2\/pages\/95\/revisions"}],"predecessor-version":[{"id":2149,"href":"https:\/\/motowalser.ch\/shop\/wp-json\/wp\/v2\/pages\/95\/revisions\/2149"}],"wp:attachment":[{"href":"https:\/\/motowalser.ch\/shop\/wp-json\/wp\/v2\/media?parent=95"}],"curies":[{"name":"wp","href":"https:\/\/api.w.org\/{rel}","templated":true}]}}