{"id":19,"date":"2022-01-26T11:02:10","date_gmt":"2022-01-26T10:02:10","guid":{"rendered":"https:\/\/motowalser.ch\/shop\/?page_id=19"},"modified":"2022-04-27T09:50:40","modified_gmt":"2022-04-27T07:50:40","slug":"impressum","status":"publish","type":"page","link":"https:\/\/motowalser.ch\/shop\/impressum\/","title":{"rendered":"Impressum"},"content":{"rendered":"\n<p><strong>Kontakt-Adresse<\/strong><\/p>\n\n\n\n<p>Moto Walser AG<br>Rorschacher Strasse 227<br>9016 St. Gallen<br>Schweiz<\/p>\n\n\n\n<p>E-Mail:<br>info@motowalser.ch<\/p>\n\n\n\n<p><strong>Vertretungsberechtigte Person(en)<\/strong><\/p>\n\n\n\n<p>Rainer Mader, Verwaltungsratspr\u00e4sident<br>Hannes Mader, Mitglied des Verwaltungsrats<\/p>\n\n\n\n<p><strong>Handelsregister-Eintrag<\/strong><\/p>\n\n\n\n<p>Eingetragener Firmenname:<br><strong>Moto Walser AG<\/strong><\/p>\n\n\n\n<p>Unternehmens-Nr (UID):<br><strong>CHE-176.042.445<\/strong><\/p>\n\n\n\n<p>Mehrwertsteuer-Nummer<br><strong>CHE-176.042.445 MWST<\/strong><br><br><\/p>\n\n\n\n<p><strong>Haftungsausschluss<\/strong><\/p>\n\n\n\n<p>Der Autor \u00fcbernimmt keinerlei Gew\u00e4hr hinsichtlich der inhaltlichen Richtigkeit, Genauigkeit, Aktualit\u00e4t, Zuverl\u00e4ssigkeit und Vollst\u00e4ndigkeit der Informationen.<\/p>\n\n\n\n<p>Haftungsanspr\u00fcche gegen den Autor wegen Sch\u00e4den materieller oder immaterieller Art, welche aus dem Zugriff oder der Nutzung bzw. Nichtnutzung der ver\u00f6ffentlichten Informationen, durch Missbrauch der Verbindung oder durch technische St\u00f6rungen entstanden sind, werden ausgeschlossen.<\/p>\n\n\n\n<p>Alle Angebote sind unverbindlich. Der Autor beh\u00e4lt es sich ausdr\u00fccklich vor, Teile der Seiten oder das gesamte Angebot ohne besondere Ank\u00fcndigung zu ver\u00e4ndern, zu erg\u00e4nzen, zu l\u00f6schen oder die Ver\u00f6ffentlichung zeitweise oder endg\u00fcltig einzustellen.<\/p>\n\n\n\n<p><strong>Haftungsausschluss f\u00fcr Links<\/strong><\/p>\n\n\n\n<p>Verweise und Links auf Webseiten Dritter liegen ausserhalb unseres Verantwortungsbereichs. Es wird jegliche Verantwortung f\u00fcr solche Webseiten abgelehnt. Der Zugriff und die Nutzung solcher Webseiten erfolgen auf eigene Gefahr des jeweiligen Nutzers.<\/p>\n\n\n\n<p><strong>Urheberrechte<\/strong><\/p>\n\n\n\n<p>Die Urheber- und alle anderen Rechte an Inhalten, Bildern, Fotos oder anderen Dateien auf dieser Website, geh\u00f6ren ausschliesslich&nbsp;<strong>der Firma Moto Walser AG<\/strong>&nbsp;oder den speziell genannten Rechteinhabern. F\u00fcr die Reproduktion jeglicher Elemente ist die schriftliche Zustimmung des Urheberrechtstr\u00e4gers im Voraus einzuholen.<\/p>\n","protected":false},"excerpt":{"rendered":"<p>Kontakt-Adresse Moto Walser AGRorschacher Strasse 2279016 St. GallenSchweiz E-Mail:info@motowalser.ch Vertretungsberechtigte Person(en) Rainer Mader, Verwaltungsratspr\u00e4sidentHannes Mader, Mitglied des Verwaltungsrats Handelsregister-Eintrag Eingetragener Firmenname:Moto Walser AG Unternehmens-Nr (UID):CHE-176.042.445 Mehrwertsteuer-NummerCHE-176.042.445 MWST Haftungsausschluss Der Autor \u00fcbernimmt keinerlei Gew\u00e4hr hinsichtlich der inhaltlichen Richtigkeit, Genauigkeit, Aktualit\u00e4t, Zuverl\u00e4ssigkeit und Vollst\u00e4ndigkeit der Informationen. Haftungsanspr\u00fcche gegen den Autor wegen Sch\u00e4den materieller oder immaterieller Art, welche [&hellip;]<\/p>\n","protected":false},"author":1,"featured_media":0,"parent":0,"menu_order":0,"comment_status":"closed","ping_status":"closed","template":"","meta":{"_links_to":"","_links_to_target":""},"acf":[],"_links":{"self":[{"href":"https:\/\/motowalser.ch\/shop\/wp-json\/wp\/v2\/pages\/19"}],"collection":[{"href":"https:\/\/motowalser.ch\/shop\/wp-json\/wp\/v2\/pages"}],"about":[{"href":"https:\/\/motowalser.ch\/shop\/wp-json\/wp\/v2\/types\/page"}],"author":[{"embeddable":true,"href":"https:\/\/motowalser.ch\/shop\/wp-json\/wp\/v2\/users\/1"}],"replies":[{"embeddable":true,"href":"https:\/\/motowalser.ch\/shop\/wp-json\/wp\/v2\/comments?post=19"}],"version-history":[{"count":2,"href":"https:\/\/motowalser.ch\/shop\/wp-json\/wp\/v2\/pages\/19\/revisions"}],"predecessor-version":[{"id":891,"href":"https:\/\/motowalser.ch\/shop\/wp-json\/wp\/v2\/pages\/19\/revisions\/891"}],"wp:attachment":[{"href":"https:\/\/motowalser.ch\/shop\/wp-json\/wp\/v2\/media?parent=19"}],"curies":[{"name":"wp","href":"https:\/\/api.w.org\/{rel}","templated":true}]}}